{"id":559,"date":"2022-11-15T17:47:42","date_gmt":"2022-11-15T13:47:42","guid":{"rendered":"https:\/\/linkit.re\/index.php\/one-page-express\/"},"modified":"2022-11-18T23:36:19","modified_gmt":"2022-11-18T19:36:19","slug":"accueil","status":"publish","type":"page","link":"https:\/\/linkit.re\/","title":{"rendered":"Accueil"},"content":{"rendered":"<div  data-label=\"Presentation\" data-id=\"about-big-images-section\" data-category=\"about\" class=\"about-big-images-section\" id=\"presentation-1\" style=\"background-color: rgb(255, 255, 255);\"> <div  class=\"\"> <div  class=\"about-big-images-textrow\"> <div  class=\"about-big-images-textcol dynamic-color\" data-type=\"column\">   <h4  class=\"\">Prestataire en informatique \u00e0 La R\u00e9union depuis bient\u00f4t 10 ans,\n<br >nous sommes sp\u00e9cialis\u00e9s dans la maintenance et l\u2019installation informatique\n<br >pour les particuliers et les professionels.<\/h4> <h5  class=\"\">Une panne informatique, un diagnostic \u00e0 r\u00e9aliser ?\n<br >Nous r\u00e9alisons les interventions sur site ou en distanciel selon les cas.\n<br >N\u2019attendez plus et contactez-nous<\/h5><a class=\"button blue big\" href=\"https:\/\/linkit.re\/index.php\/contactez-nous\" target=\"_self\" rel=\"noopener\">Nous contacter<\/a> <\/div> <\/div> <\/div> <div  class=\"about-big-images-bottomrow\"> <div  class=\"about-big-images-leftimgcol\"><img  decoding=\"async\" class=\"about-big-images-leftimg\" src=\"https:\/\/linkit.re\/wp-content\/uploads\/2022\/11\/stethoscope-on-laptop-closeup.jpg\" alt=\"\"> <\/div> <div  class=\"about-big-images-centerimgcol\"><img  decoding=\"async\" class=\"about-big-images-centerimg\" src=\"https:\/\/linkit.re\/wp-content\/uploads\/2022\/11\/the-technician-repairing-the-computer-computer-hardware-repairing-upgrade-and-technology-1.jpg\" alt=\"\"> <\/div> <div  class=\"about-big-images-rightimgcol\"><img  decoding=\"async\" class=\"about-big-images-rightimg\" src=\"https:\/\/linkit.re\/wp-content\/uploads\/2022\/11\/the-technician-repairing-the-computer-computer-hardware-repairing-upgrade-and-technology.jpg\" alt=\"\"> <\/div> <\/div> <\/div><div  data-label=\"Contact\" data-id=\"features-overlapped-icons-section\" data-category=\"features\" class=\"features-overlapped-icons-section\" id=\"contact-1\" style=\"background-color: rgb(246, 246, 246);\"> <div  class=\"gridContainer\"> <div  class=\"features-overlapped-icons-textrow\"> <div  class=\"features-overlapped-icons-textcol dynamic-color\" data-type=\"column\">   <\/div> <\/div> <div  class=\"features-overlapped-icons-featuresrow flexbox-list\" data-type=\"row\"> <div  class=\"features-large-icons-featcol cp3cols cp6cols-tablet\"> <div  class=\"features-overlapped-icons-featinnerrow\"> <div  class=\"features-icon-container\"><i  data-cp-fa=\"true\" class=\"font-icon-features-icon-container fa fa-phone\"><\/i> <\/div>\t<div  data-type=\"column\" class=\"\"> <h4  class=\"\">T\u00e9l\u00e9phone<\/h4>  <a class=\"button blue\" href=\"tel:+262692489979\" target=\"_self\" rel=\"noopener\">0692.48.99.79<\/a><\/div><\/div> <\/div> <div  class=\"features-large-icons-featcol cp3cols cp6cols-tablet\"> <div  class=\"features-overlapped-icons-featinnerrow\"> <div  class=\"features-icon-container\"><i  data-cp-fa=\"true\" class=\"font-icon-features-icon-container fa fa-envelope\"><\/i> <\/div>\t<div  data-type=\"column\" class=\"\"> <h4  class=\"\">Mail<\/h4>  <a class=\"button blue\" href=\"mailto:contact@linkit.re\" target=\"_self\" rel=\"noopener\">contact@linkit.re<\/a><\/div><\/div> <\/div> <div  class=\"features-large-icons-featcol cp3cols cp6cols-tablet\"> <div  class=\"features-overlapped-icons-featinnerrow\"> <div  class=\"features-icon-container\"><i  data-cp-fa=\"true\" class=\"font-icon-features-icon-container fa fa-facebook-official\"><\/i> <\/div>\t<div  data-type=\"column\" class=\"\"> <h4  class=\"\">Facebook<\/h4>  <a class=\"button blue\" href=\"http:\/\/www.facebook.com\/linkit974\" target=\"_blank\" rel=\"noopener\">Abonnez-vous<\/a><\/div><\/div> <\/div> <div  class=\"features-large-icons-featcol cp3cols cp6cols-tablet\"> <div  class=\"features-overlapped-icons-featinnerrow\"> <div  class=\"features-icon-container\"><i  data-cp-fa=\"true\" class=\"font-icon-features-icon-container fa fa-instagram\"><\/i> <\/div>\t<div  data-type=\"column\" class=\"\"> <h4  class=\"\">Instagram<\/h4>  <a class=\"button blue\" href=\"http:\/\/www.instagram.com\/linkit_974\" target=\"_blank\" rel=\"noopener\">Abonnez-vous<\/a><\/div><\/div> <\/div> <\/div> <\/div><\/div><div  data-label=\"Competence\" data-id=\"features-coloured-icon-boxes-section\" data-category=\"features\" class=\"features-coloured-icon-boxes-section\" id=\"competence\" style=\"background-color: rgb(246, 246, 246);\"> <div  class=\"gridContainer\"> <div  class=\"features-coloured-icon-boxes-textrow\"> <div  class=\"features-coloured-icon-boxes-textcol dynamic-color\" data-type=\"column\"> <h2  class=\"\">Nos domaines de comp\u00e9tence<\/h2>  <\/div> <\/div> <div  class=\"features-coloured-icon-boxes-innerrow flexbox-list dark-text\" data-type=\"row\"> <div  class=\"features-coloured-icon-boxes-featurecol cp3cols cp6cols-tablet\"> <div  class=\"features-coloured-icon-boxes-iconcontainer\" data-content-item-container=\"true\"> <i  data-cp-fa=\"true\" class=\"features-coloured-icon fa fa-comments\"><\/i> <\/div> <h4  class=\"\">Conseil<\/h4> <p  class=\"\">Vous avez un doute ?\n<br >Besoin d\u2019un conseil ?\n<br >Nous pouvons vous aider \u00e0 y voir plus clair<\/p>  <\/div> <div  class=\"features-coloured-icon-boxes-featurecol cp3cols cp6cols-tablet\"> <div  class=\"features-coloured-icon-boxes-iconcontainer\" data-content-item-container=\"true\"> <i  data-cp-fa=\"true\" class=\"features-coloured-icon fa fa-briefcase\"><\/i> <\/div> <h4  class=\"\">Diagnostic\/R\u00e9paration<\/h4> <p  class=\"\">Votre PC ne d\u00e9marre plus ?\n<br >Contactez nous pour un diagnostic gratuit<\/p>  <\/div> <div  class=\"features-coloured-icon-boxes-featurecol cp3cols cp6cols-tablet\"> <div  class=\"features-coloured-icon-boxes-iconcontainer\" data-content-item-container=\"true\"> <i  data-cp-fa=\"true\" class=\"features-coloured-icon fa fa-gears\"><\/i> <\/div> <h4  class=\"\">Installation mat\u00e9riel<\/h4> <p  class=\"\">Vous avez un nouveau mat\u00e9riel mais ne savez pas comment l\u2019installer ?\n<br >Link IT peut le faire pour vous et vous \u00e9viter de perdre du temps<\/p>  <\/div> <div  class=\"features-coloured-icon-boxes-featurecol cp3cols cp6cols-tablet\"> <div  class=\"features-coloured-icon-boxes-iconcontainer\" data-content-item-container=\"true\"> <i  data-cp-fa=\"true\" class=\"features-coloured-icon fa fa-hdd-o\"><\/i> <\/div> <h4  class=\"\">Installation logiciel<\/h4> <p  class=\"\">Pour une installation de vos logiciels sans contraintes,\n<br >faites appel \u00e0 nos services<\/p>  <\/div> <\/div> <\/div><\/div><div  id=\"client\" class=\"testimonials-boxed-section\" style=\"background-color: #f6f6f6;\" data-label=\"client\" data-id=\"testimonials-boxed-section\" data-category=\"testimonials\">\n<div  class=\"\">\n<div  class=\"testimonials-boxed-textcol dynamic-color\" data-type=\"column\">\n<h2  class=\"\">Ce que nos clients disent de nous<\/h2>\n\n\n<\/div>\n<div  class=\"testimonials-boxed-itemsrow dark-text\" data-type=\"row\">\n<div  class=\"testimonials-boxed-itemcol cp4cols cp6cols-tablet\">\n<div  class=\"testimonials-boxed-itemcard\" data-type=\"column\">\n<h4  class=\"testimonials-boxed-itemtext\">\u201cProfessionnel toujours \u00e0 l\u2019\u00e9coute et tr\u00e8s comp\u00e9tent dans son domaine! Il a su faire le d\u00e9pannage tr\u00e8s vite.\u201d<\/h4>\n<img  decoding=\"async\" class=\"testimonials-boxed-itemimg\" src=\"https:\/\/linkit.re\/wp-content\/uploads\/2022\/11\/cropped-1265960_154901-OV13BH-873.jpg\" data-size=\"500x500\" alt=\"\">\n<h5  class=\"testimonials-boxed-itemname\">Didier T.<\/h5>\n\n<\/div>\n<\/div>\n<div  class=\"testimonials-boxed-itemcol cp4cols cp6cols-tablet\">\n<div  class=\"testimonials-boxed-itemcard\" data-type=\"column\">\n<h4  class=\"testimonials-boxed-itemtext\">\u201cLe technicien a r\u00e9ussi \u00e0 r\u00e9parer mon ordinateur tr\u00e8s vite. Merci beaucoup pour votre r\u00e9activit\u00e9.\u201d<\/h4>\n<img  decoding=\"async\" class=\"testimonials-boxed-itemimg\" src=\"https:\/\/linkit.re\/wp-content\/uploads\/2022\/11\/cropped-1265960_154901-OV13BH-873-1.jpg\" data-size=\"500x500\" alt=\"\">\n<h5  class=\"testimonials-boxed-itemname\">Jocelyne L.<\/h5>\n\n<\/div>\n<\/div>\n<div  class=\"testimonials-boxed-itemcol cp4cols cp6cols-tablet\">\n<div  class=\"testimonials-boxed-itemcard\" data-type=\"column\">\n<h4  class=\"testimonials-boxed-itemtext\">\u201cL\u2019entreprise a apport\u00e9 une solution rapide \u00e0 mon \u00e9quipe suite \u00e0 une panne informatique, ce qui m\u2019a permis de ne pas perdre de CA. Je recommande!\u201d<\/h4>\n<img  decoding=\"async\" class=\"testimonials-boxed-itemimg\" src=\"https:\/\/linkit.re\/wp-content\/uploads\/2022\/11\/cropped-1265960_154901-OV13BH-873.jpg\" data-size=\"500x500\" alt=\"\">\n<h5  class=\"testimonials-boxed-itemname\">Lo\u00efc H.<\/h5>\n\n<\/div>\n<\/div>\n<\/div>\n<\/div>\n<\/div><div  id=\"region\" class=\"clients-grid-section\" style=\"background-color: rgb(246, 246, 246);\" data-label=\"Region\" data-id=\"clients-grid-section\" data-category=\"clients\">\n<div  class=\"\">\n<div  class=\"clients-grid-textrow row\" data-type=\"column\">\n<div  class=\"clients-grid-textcol dynamic-color\" data-type=\"column\">\n<p  class=\"\">Ce site a \u00e9t\u00e9 financ\u00e9 \u00e0 l\u2019aide du FEDER (REACT-UE) dans le cadre de la r\u00e9ponse de l\u2019Union europ\u00e9enne \u00e0 la pand\u00e9mie COVID-19. \n<br >L\u2019Europe s\u2019engage \u00e0 La R\u00e9union.<\/p>\n<img  decoding=\"async\" class=\"custom-image aligncenter\" src=\"https:\/\/linkit.re\/wp-content\/uploads\/2022\/11\/logos-obligatoires-3.png\" alt=\"\">\n\n<div  class=\"spacer\" data-type=\"group\"><span  class=\"fa before\"><\/span><i  class=\"fa fa-angle-down\"><\/i><span  class=\"fa after\"><\/span><\/div><a href=\"https:\/\/linkit.re\/index.php\/mentions-legales\" class=\"\" target=\"_self\" rel=\"noopener\">Mentions l\u00e9gales<\/a><\/div>\n<\/div>\n<div  class=\"row\" data-type=\"row\" data-add-content=\"false\"><\/div>\n<\/div>\n<\/div>","protected":false},"excerpt":{"rendered":"<p>Prestataire en informatique \u00e0 La R\u00e9union depuis bient\u00f4t 10 ans, nous sommes sp\u00e9cialis\u00e9s dans la maintenance et l\u2019installation informatique pour les particuliers et les professionels. Une panne informatique, un diagnostic \u00e0 r\u00e9aliser ? Nous r\u00e9alisons les interventions sur site ou en distanciel selon les cas. N\u2019attendez plus et contactez-nousNous contacter T\u00e9l\u00e9phone 0692.48.99.79 Mail contact@linkit.re Facebook&hellip; <br \/> <a class=\"button small blue\" href=\"https:\/\/linkit.re\/index.php\/2022\/11\/15\/link-it-votre-lien-informatique\/\">Lire la suite<\/a><\/p>\n","protected":false},"author":1,"featured_media":0,"parent":0,"menu_order":0,"comment_status":"closed","ping_status":"closed","template":"","meta":{"footnotes":""},"class_list":["post-559","page","type-page","status-publish","hentry"],"_links":{"self":[{"href":"https:\/\/linkit.re\/index.php\/wp-json\/wp\/v2\/pages\/559","targetHints":{"allow":["GET"]}}],"collection":[{"href":"https:\/\/linkit.re\/index.php\/wp-json\/wp\/v2\/pages"}],"about":[{"href":"https:\/\/linkit.re\/index.php\/wp-json\/wp\/v2\/types\/page"}],"author":[{"embeddable":true,"href":"https:\/\/linkit.re\/index.php\/wp-json\/wp\/v2\/users\/1"}],"replies":[{"embeddable":true,"href":"https:\/\/linkit.re\/index.php\/wp-json\/wp\/v2\/comments?post=559"}],"version-history":[{"count":66,"href":"https:\/\/linkit.re\/index.php\/wp-json\/wp\/v2\/pages\/559\/revisions"}],"predecessor-version":[{"id":739,"href":"https:\/\/linkit.re\/index.php\/wp-json\/wp\/v2\/pages\/559\/revisions\/739"}],"wp:attachment":[{"href":"https:\/\/linkit.re\/index.php\/wp-json\/wp\/v2\/media?parent=559"}],"curies":[{"name":"wp","href":"https:\/\/api.w.org\/{rel}","templated":true}]}}